{"id":667,"date":"2024-03-03T13:23:01","date_gmt":"2024-03-03T13:23:01","guid":{"rendered":"http:\/\/mosty.help\/?page_id=667"},"modified":"2026-03-16T10:03:06","modified_gmt":"2026-03-16T10:03:06","slug":"foto-info","status":"publish","type":"page","link":"https:\/\/mosty.help\/index.php\/foto-info\/","title":{"rendered":"foto + info"},"content":{"rendered":"\n<p>>> <a href=\"https:\/\/mosty.help\/index.php\/13-i-14-iii-2026-kijow\/\" data-type=\"page\" data-id=\"1006\">Kij\u00f3w 13 i 14.III.2026 <\/a>&lt;&lt;<\/p>\n\n\n\n<p>&gt;&gt; <a href=\"https:\/\/mosty.help\/index.php\/kijow-11-10-2025\/\" data-type=\"page\" data-id=\"977\">Kij\u00f3w 11.10.2025<\/a> &lt;&lt;<\/p>\n\n\n\n<p>&gt;&gt; <a href=\"http:\/\/&lt;div class=&quot;fb-post&quot; data-href=&quot;https:\/\/www.facebook.com\/mosty.help\/posts\/pfbid0QxZHtTJ9wzrTegW7Nt3QR7agUBbBC2PMZ5vPnEEGouuqEajtpj8Nq3JUYnk17U45l&quot; data-width=&quot;500&quot; data-show-text=&quot;true&quot;&gt;&lt;blockquote cite=&quot;https:\/\/www.facebook.com\/mosty.help\/posts\/710713208630706&quot; class=&quot;fb-xfbml-parse-ignore&quot;&gt;&lt;p&gt;W sobot\u0119, 9 sierpnia dostarczyli\u015bmy 166 karton\u00f3w z artyku\u0142ami higieniczno - sanitarnymi.  W Brodach odbiorc\u0105 by\u0142a...&lt;\/p&gt;Opublikowany przez &lt;a href=&quot;https:\/\/www.facebook.com\/mosty.help&quot;&gt;Mosty - \u043c\u043e\u0441\u0442\u0438 - Bridges&lt;\/a&gt;&nbsp;&lt;a href=&quot;https:\/\/www.facebook.com\/mosty.help\/posts\/710713208630706&quot;&gt;Poniedzia\u0142ek, 11 sierpnia 2025&lt;\/a&gt;&lt;\/blockquote&gt;&lt;\/div&gt;\" target=\"_blank\" rel=\"noreferrer noopener\">Brody 9.08.2025 <\/a>&lt;&lt;<\/p>\n\n\n\n<p>&gt;&gt; <a href=\"https:\/\/mosty.help\/index.php\/zwiastun-05-2025\/\" data-type=\"page\" data-id=\"949\">Zwiastun Ewangelicki, artyku\u0142<\/a> (05.2025)<\/p>\n\n\n\n<p>&gt;&gt; <a href=\"https:\/\/mosty.help\/index.php\/charkow-kijow-5-i-6-04-2025\/\" data-type=\"page\" data-id=\"930\">Chark\u00f3w i Kij\u00f3w 5 i 6.O4.2025<\/a><\/p>\n\n\n\n<p><a href=\"https:\/\/www.facebook.com\/share\/p\/18gCeb2v79\/\">&gt;&gt; Wroc\u0142aw \/ Konsulat 5.XII.24 &lt;&lt;<\/a><\/p>\n\n\n\n<p><a href=\"https:\/\/www.facebook.com\/mosty.help\/posts\/pfbid02k1pyxtKrsLcvTXNjS8r66PkoxwZPuPDd1oFhm2QbQPFWHqVnsy7xhj93wTmhrfQ2l\" target=\"_blank\" rel=\"noreferrer noopener\">&gt;&gt; \u0141uck i Lw\u00f3w &lt;&lt; 23 i 24.XI.2024<\/a><\/p>\n\n\n\n<p>&gt;&gt; <a href=\"http:\/\/mosty.help\/index.php\/lipiec-2024\/\" data-type=\"page\" data-id=\"894\">Lipiec 2024<\/a> &lt;&lt;<\/p>\n\n\n\n<p>    <a href=\"https:\/\/www.luteranie.pl\/grupa-mosty-nadal-pomaga-ukrainie\/\">&gt;&gt; 05.04.2023 &lt;&lt; &gt; luteranie.pl<\/a><\/p>\n\n\n\n<p><\/p>\n\n\n\n<blockquote class=\"wp-block-quote has-text-align-left is-style-plain is-layout-flow wp-block-quote-is-layout-flow\">\n<p><a href=\"http:\/\/mosty.help\/index.php\/25-03-2024\/\" data-type=\"page\" data-id=\"782\">&gt;&gt; 26.03.2024 &lt;&lt; <\/a>&#8211; <strong>Zwiastun Ewangelicki<\/strong><\/p>\n\n\n\n<p><\/p>\n\n\n\n<p><a href=\"http:\/\/mosty.help\/index.php\/25-03-2024-brody-i-dubno\/\" data-type=\"page\" data-id=\"795\">&gt;&gt; 25.03.2024<\/a> &lt;&lt;- <strong>Brody i Dubno<\/strong><\/p>\n\n\n\n<p><\/p>\n\n\n\n<p><a href=\"http:\/\/mosty.help\/index.php\/foto-luty-2024\/\" data-type=\"page\" data-id=\"573\">&gt;&gt; 23-25.02.2024<\/a> &lt;&lt; &#8211; <strong>1 i 2 dzie\u0144 3-go roku wojny<\/strong><\/p>\n\n\n\n<p><a href=\"http:\/\/mosty.help\/index.php\/krotki-film\/\" data-type=\"page\" data-id=\"842\">&gt;&gt; kr\u00f3tki film &lt;&lt;<\/a><\/p>\n<\/blockquote>\n\n\n\n<blockquote class=\"wp-block-quote is-style-plain is-layout-flow wp-block-quote-is-layout-flow\">\n<p><\/p>\n\n\n\n<p><a href=\"http:\/\/mosty.help\/index.php\/18-12-2023\/\" data-type=\"page\" data-id=\"690\">&gt;&gt; 18.12.2023<\/a> &lt;&lt; &#8211; <strong>Brody, artyku\u0142<\/strong><\/p>\n<\/blockquote>\n\n\n\n<blockquote class=\"wp-block-quote is-style-plain is-layout-flow wp-block-quote-is-layout-flow\">\n<p><\/p>\n\n\n\n<p><a href=\"http:\/\/mosty.help\/index.php\/fotogaleria-07-2023\/\" data-type=\"page\" data-id=\"384\">&gt;&gt; 07.2023<\/a> &lt;&lt;- <strong>Brody, foto<\/strong><\/p>\n<\/blockquote>\n\n\n\n<blockquote class=\"wp-block-quote is-style-plain is-layout-flow wp-block-quote-is-layout-flow\">\n<p><\/p>\n\n\n\n<p><a href=\"http:\/\/mosty.help\/index.php\/fotogaleria-02-23\/\" data-type=\"page\" data-id=\"386\">&gt;&gt; 02.2023<\/a> &lt;&lt;- <strong>Dubno, Brody<\/strong><\/p>\n<\/blockquote>\n\n\n\n<blockquote class=\"wp-block-quote is-style-plain is-layout-flow wp-block-quote-is-layout-flow\">\n<p><\/p>\n\n\n\n<p><a href=\"http:\/\/mosty.help\/index.php\/fotogaleria-12-23\/\" data-type=\"page\" data-id=\"389\">&gt;&gt; 12.2022<\/a> &lt;&lt; &#8211; <strong>Brody, Radziwi\u0142\u0142\u00f3w, Kij\u00f3w, Chark\u00f3w<\/strong><\/p>\n<\/blockquote>\n\n\n\n<blockquote class=\"wp-block-quote is-style-plain is-layout-flow wp-block-quote-is-layout-flow\">\n<p><\/p>\n\n\n\n<p><strong><a href=\"http:\/\/mosty.help\/index.php\/info-1\/\" data-type=\"page\" data-id=\"64\">&gt;&gt; S\u0142owo Parafialne 4\/22 &lt;&lt;<\/a><\/strong><\/p>\n<\/blockquote>\n\n\n\n<blockquote class=\"wp-block-quote is-style-plain is-layout-flow wp-block-quote-is-layout-flow\">\n<p><\/p>\n\n\n\n<p><strong><a href=\"http:\/\/mosty.help\/index.php\/info-2\/\" data-type=\"page\" data-id=\"69\">&gt;&gt; Zwiastun 2\/23<\/a><\/strong> &lt;&lt;<\/p>\n<\/blockquote>\n\n\n\n<blockquote class=\"wp-block-quote is-style-plain is-layout-flow wp-block-quote-is-layout-flow\">\n<p><\/p>\n\n\n\n<p><strong><a href=\"http:\/\/mosty.help\/index.php\/parafia\/\" data-type=\"page\" data-id=\"223\">&gt;&gt; parafia EA Wroc\u0142aw &#8211; patronat &lt;&lt;<\/a><\/strong><\/p>\n<\/blockquote>\n\n\n\n<blockquote class=\"wp-block-quote is-style-plain is-layout-flow wp-block-quote-is-layout-flow\">\n<p><\/p>\n\n\n\n<p><strong><a href=\"http:\/\/mosty.help\/index.php\/podziekowania\/\" data-type=\"page\" data-id=\"557\">&gt;&gt; podzi\u0119kowania z Brod\u00f3w<\/a><\/strong> &lt;&lt;<\/p>\n<\/blockquote>\n\n\n\n<blockquote class=\"wp-block-quote is-style-plain is-layout-flow wp-block-quote-is-layout-flow\">\n<p><\/p>\n\n\n\n<p><a href=\"http:\/\/mosty.help\/index.php\/ulotka\/\" data-type=\"page\" data-id=\"715\"><strong>&gt;&gt; ulotka<\/strong> &#8211; <strong>MOSTY<\/strong><\/a> &lt;&lt;<\/p>\n<\/blockquote>\n\n\n\n<blockquote class=\"wp-block-quote is-style-plain is-layout-flow wp-block-quote-is-layout-flow\">\n<p><\/p>\n\n\n\n<p><strong><a href=\"https:\/\/diakonia.org.pl\/aktualnosc\/nagrody-diakonii-polskiej-2023\/\">&gt;&gt; Ubi Caritas&#8217;23 &lt;&lt;<\/a><\/strong><\/p>\n<\/blockquote>\n\n\n\n<blockquote class=\"wp-block-quote is-style-plain is-layout-flow wp-block-quote-is-layout-flow\">\n<p><\/p>\n\n\n\n<p><strong><a href=\"https:\/\/www.facebook.com\/mosty.help\/posts\/pfbid0dhBNbG2VGjtwgpTyeQw4ggbiC6tyPPDQCrTieKEBAEMx8bGgmn4uhuVNd7KPbDu6l\">&gt;&gt; 01.08.2023<\/a> &lt;&lt; &#8211; Brody, artyku\u0142<\/strong><\/p>\n\n\n\n<p><\/p>\n\n\n\n<p><strong><a href=\"https:\/\/www.luteranie.pl\/kurierzy-dobra\/\">&gt;&gt; 08.03.2023 &lt;&lt; &#8211;<\/a> Brody, Dubno, artyku\u0142<\/strong><\/p>\n\n\n\n<p><\/p>\n\n\n\n<p><strong><a href=\"https:\/\/www.luteranie.pl\/kolejny-transport-z-pomoca-dla-ukrainy\/\">&gt;&gt; 21.07.2023<\/a> &lt;&lt; &#8211; Brody, Suchowola, Suchodo\u0142y<\/strong><\/p>\n\n\n\n<p><\/p>\n\n\n\n<p><strong><a href=\"https:\/\/www.facebook.com\/mosty.help\/posts\/pfbid031SZ95cgAfuHBVeQ94faLGQU1kLXTpp1E5Jim4PjgQhiXXvx5nxFeXg7QpqLW97j9l\">&gt;&gt; 01.03.2023<\/a> &lt;&lt; &#8211; Brody, artyku\u0142<\/strong><\/p>\n<\/blockquote>\n","protected":false},"excerpt":{"rendered":"<p>>> Kij\u00f3w 13 i 14.III.2026 &lt;&lt; &gt;&gt; Kij\u00f3w 11.10.2025 &lt;&lt; &gt;&gt; Brody 9.08.2025 &lt;&lt; &gt;&gt; Zwiastun Ewangelicki, artyku\u0142 (05.2025) &gt;&gt; Chark\u00f3w i Kij\u00f3w 5 i 6.O4.2025 &gt;&gt; Wroc\u0142aw \/ Konsulat 5.XII.24 &lt;&lt; &gt;&gt; \u0141uck i Lw\u00f3w &lt;&lt; 23 i 24.XI.2024 &gt;&gt; Lipiec 2024 &lt;&lt; &gt;&gt; 05.04.2023 &lt;&lt; &gt; luteranie.pl &gt;&gt; 26.03.2024 &lt;&lt; &#8211; Zwiastun Ewangelicki [&hellip;]<\/p>\n","protected":false},"author":1,"featured_media":0,"parent":0,"menu_order":0,"comment_status":"closed","ping_status":"closed","template":"","meta":{"footnotes":""},"class_list":["post-667","page","type-page","status-publish","hentry"],"_links":{"self":[{"href":"https:\/\/mosty.help\/index.php\/wp-json\/wp\/v2\/pages\/667","targetHints":{"allow":["GET"]}}],"collection":[{"href":"https:\/\/mosty.help\/index.php\/wp-json\/wp\/v2\/pages"}],"about":[{"href":"https:\/\/mosty.help\/index.php\/wp-json\/wp\/v2\/types\/page"}],"author":[{"embeddable":true,"href":"https:\/\/mosty.help\/index.php\/wp-json\/wp\/v2\/users\/1"}],"replies":[{"embeddable":true,"href":"https:\/\/mosty.help\/index.php\/wp-json\/wp\/v2\/comments?post=667"}],"version-history":[{"count":72,"href":"https:\/\/mosty.help\/index.php\/wp-json\/wp\/v2\/pages\/667\/revisions"}],"predecessor-version":[{"id":1015,"href":"https:\/\/mosty.help\/index.php\/wp-json\/wp\/v2\/pages\/667\/revisions\/1015"}],"wp:attachment":[{"href":"https:\/\/mosty.help\/index.php\/wp-json\/wp\/v2\/media?parent=667"}],"curies":[{"name":"wp","href":"https:\/\/api.w.org\/{rel}","templated":true}]}}