{"id":690,"date":"2024-03-03T13:53:03","date_gmt":"2024-03-03T13:53:03","guid":{"rendered":"http:\/\/mosty.help\/?page_id=690"},"modified":"2024-03-03T20:00:12","modified_gmt":"2024-03-03T20:00:12","slug":"18-12-2023","status":"publish","type":"page","link":"https:\/\/mosty.help\/index.php\/18-12-2023\/","title":{"rendered":"18.12.2023"},"content":{"rendered":"\n<p>18.XII.23r. Dostarczyli\u015bmy prezenty dla 24 dzieci z rodzinnych dom\u00f3w dziecka w Suchowoli i Suchodo\u0142och  oraz rodzinie z miejscowo\u015bci Aleszki spod Chersonia, kt\u00f3ra zosta\u0142a zmuszona niedawno do ucieczki.  Dzieci by\u0142y akurat w szko\u0142ach, wi\u0119c po powrocie mia\u0142y niespodziank\u0119.  Odwiedzili\u015bmy r\u00f3wnie\u017c \u0420\u0435\u0430\u0431\u0456\u043b\u0456\u0442\u0430\u0446\u0456\u0439\u043d\u043e-\u043f\u0435\u0434\u0430\u0433\u043e\u0433\u0456\u0447\u043d\u0438\u0439 \u0446\u0435\u043d\u0442\u0440 &#8222;\u0421\u0442\u0440\u0443\u043c\u043e\u043a&#8221; oraz szpital w Brodach.  Wys\u0142ali\u015bmy r\u00f3wnie\u017c telefon kom\u00f3rkowy do Krasnokucka w rejonie Charkowskim  oraz kopert\u0119 z \u017cyczeniami oraz malym upominkiem do Pershotravneve. Dzi\u0119kujemy wszystkim ofiarodawcom za pomoc \ud83e\udd70 Polecamy si\u0119 ku Waszej pami\u0119ci &#8211; dzia\u0142amy dalej  \ud83c\uddf5\ud83c\uddf1\ud83c\uddfa\ud83c\udde6\ud83c\uddec\ud83c\udde7\ud83c\uddfa\ud83c\uddf8\ud83c\uddea\ud83c\uddfa<\/p>\n\n\n\n<p>>> <a href=\"http:\/\/www.facebook.com\/plugins\/post.php?href=https%3A%2F%2Fwww.facebook.com%2Fmosty.help%2Fposts%2Fpfbid0312xBuDxxurmLiqAogSRQox2cCB4cXgLf4ZCQFGFd3QiaPXzXiYDtf669uiNzHRDyl&amp;show_text=true&amp;width=500&quot; width=&quot;500&quot; height=&quot;863&quot; style=&quot;border:none;overflow:hidden&quot; scrolling=&quot;no&quot; frameborder=&quot;0&quot; allowfullscreen=&quot;true&quot; allow=&quot;autoplay; clipboard-write; encrypted-media; picture-in-picture; web-share&quot;&gt;<\/iframe&gt;\">f<\/a><a href=\"https:\/\/www.facebook.com\/mosty.help\/posts\/293829846985713?ref=embed_post\">oto relacja<\/a><\/p>\n","protected":false},"excerpt":{"rendered":"<p>18.XII.23r. Dostarczyli\u015bmy prezenty dla 24 dzieci z rodzinnych dom\u00f3w dziecka w Suchowoli i Suchodo\u0142och oraz rodzinie z miejscowo\u015bci Aleszki spod Chersonia, kt\u00f3ra zosta\u0142a zmuszona niedawno do ucieczki. Dzieci by\u0142y akurat w szko\u0142ach, wi\u0119c po powrocie mia\u0142y niespodziank\u0119. Odwiedzili\u015bmy r\u00f3wnie\u017c \u0420\u0435\u0430\u0431\u0456\u043b\u0456\u0442\u0430\u0446\u0456\u0439\u043d\u043e-\u043f\u0435\u0434\u0430\u0433\u043e\u0433\u0456\u0447\u043d\u0438\u0439 \u0446\u0435\u043d\u0442\u0440 &#8222;\u0421\u0442\u0440\u0443\u043c\u043e\u043a&#8221; oraz szpital w Brodach. Wys\u0142ali\u015bmy r\u00f3wnie\u017c telefon kom\u00f3rkowy do Krasnokucka w rejonie Charkowskim [&hellip;]<\/p>\n","protected":false},"author":1,"featured_media":0,"parent":0,"menu_order":0,"comment_status":"closed","ping_status":"closed","template":"","meta":{"footnotes":""},"class_list":["post-690","page","type-page","status-publish","hentry"],"_links":{"self":[{"href":"https:\/\/mosty.help\/index.php\/wp-json\/wp\/v2\/pages\/690","targetHints":{"allow":["GET"]}}],"collection":[{"href":"https:\/\/mosty.help\/index.php\/wp-json\/wp\/v2\/pages"}],"about":[{"href":"https:\/\/mosty.help\/index.php\/wp-json\/wp\/v2\/types\/page"}],"author":[{"embeddable":true,"href":"https:\/\/mosty.help\/index.php\/wp-json\/wp\/v2\/users\/1"}],"replies":[{"embeddable":true,"href":"https:\/\/mosty.help\/index.php\/wp-json\/wp\/v2\/comments?post=690"}],"version-history":[{"count":4,"href":"https:\/\/mosty.help\/index.php\/wp-json\/wp\/v2\/pages\/690\/revisions"}],"predecessor-version":[{"id":743,"href":"https:\/\/mosty.help\/index.php\/wp-json\/wp\/v2\/pages\/690\/revisions\/743"}],"wp:attachment":[{"href":"https:\/\/mosty.help\/index.php\/wp-json\/wp\/v2\/media?parent=690"}],"curies":[{"name":"wp","href":"https:\/\/api.w.org\/{rel}","templated":true}]}}